{"id":36,"date":"2023-02-07T16:01:28","date_gmt":"2023-02-07T16:01:28","guid":{"rendered":"https:\/\/jeanscolombiagt.com\/index.php\/product\/v-neck-t-shirt-3\/"},"modified":"2024-07-11T09:34:51","modified_gmt":"2024-07-11T15:34:51","slug":"v-neck-t-shirt-3","status":"publish","type":"product","link":"https:\/\/jeanscolombiagt.com\/index.php\/product\/v-neck-t-shirt-3\/","title":{"rendered":"Pantalones"},"content":{"rendered":"<p><span style=\"vertical-align: inherit;\"><span style=\"vertical-align: inherit;\">Liquidaci\u00f3n conjuntos 350 m\u00e1s gastos de env\u00edo pedidos por inbox WhatsApp 502 5621 6880 pago \u00fanico en efectivo y transferencia pocas unidades unitalla<\/span><\/span><\/p>\n","protected":false},"excerpt":{"rendered":"<p><span style=\"vertical-align: inherit;\"><span style=\"vertical-align: inherit;\">Este es un producto variable.<\/span><\/span><\/p>\n","protected":false},"featured_media":138,"comment_status":"open","ping_status":"closed","template":"","meta":{"_eb_attr":"","om_disable_all_campaigns":false,"_monsterinsights_skip_tracking":false,"_monsterinsights_sitenote_active":false,"_monsterinsights_sitenote_note":"","_monsterinsights_sitenote_category":0,"_uf_show_specific_survey":0,"_uf_disable_surveys":false},"product_cat":[26],"product_tag":[27],"aioseo_notices":[],"jetpack_sharing_enabled":true,"_links":{"self":[{"href":"https:\/\/jeanscolombiagt.com\/index.php\/wp-json\/wp\/v2\/product\/36"}],"collection":[{"href":"https:\/\/jeanscolombiagt.com\/index.php\/wp-json\/wp\/v2\/product"}],"about":[{"href":"https:\/\/jeanscolombiagt.com\/index.php\/wp-json\/wp\/v2\/types\/product"}],"replies":[{"embeddable":true,"href":"https:\/\/jeanscolombiagt.com\/index.php\/wp-json\/wp\/v2\/comments?post=36"}],"wp:featuredmedia":[{"embeddable":true,"href":"https:\/\/jeanscolombiagt.com\/index.php\/wp-json\/wp\/v2\/media\/138"}],"wp:attachment":[{"href":"https:\/\/jeanscolombiagt.com\/index.php\/wp-json\/wp\/v2\/media?parent=36"}],"wp:term":[{"taxonomy":"product_cat","embeddable":true,"href":"https:\/\/jeanscolombiagt.com\/index.php\/wp-json\/wp\/v2\/product_cat?post=36"},{"taxonomy":"product_tag","embeddable":true,"href":"https:\/\/jeanscolombiagt.com\/index.php\/wp-json\/wp\/v2\/product_tag?post=36"}],"curies":[{"name":"wp","href":"https:\/\/api.w.org\/{rel}","templated":true}]}}